{"id":4775,"date":"2021-11-28T20:40:45","date_gmt":"2021-11-28T20:40:45","guid":{"rendered":"https:\/\/manualrrss.eweb2.unex.es\/?page_id=4775"},"modified":"2021-11-28T20:43:07","modified_gmt":"2021-11-28T20:43:07","slug":"logos-uex","status":"publish","type":"page","link":"https:\/\/manualrrss.eweb2.unex.es\/index.php\/logos-uex\/","title":{"rendered":"logos uex"},"content":{"rendered":"\t\t<div data-elementor-type=\"wp-page\" data-elementor-id=\"4775\" class=\"elementor elementor-4775\">\n\t\t\t\t\t\t<section class=\"elementor-section elementor-top-section elementor-element elementor-element-39b40a09 elementor-section-full_width elementor-section-height-default elementor-section-height-default\" data-id=\"39b40a09\" data-element_type=\"section\" data-settings=\"{&quot;background_background&quot;:&quot;classic&quot;}\">\n\t\t\t\t\t\t<div class=\"elementor-container elementor-column-gap-default\">\n\t\t\t\t\t<div class=\"elementor-column elementor-col-100 elementor-top-column elementor-element elementor-element-47da76a0\" data-id=\"47da76a0\" data-element_type=\"column\">\n\t\t\t<div class=\"elementor-widget-wrap elementor-element-populated\">\n\t\t\t\t\t\t<div class=\"elementor-element elementor-element-3394fdcd elementor-widget elementor-widget-image\" data-id=\"3394fdcd\" data-element_type=\"widget\" data-widget_type=\"image.default\">\n\t\t\t\t<div class=\"elementor-widget-container\">\n\t\t\t\t\t\t\t\t\t\t\t\t\t\t\t<img fetchpriority=\"high\" decoding=\"async\" width=\"1920\" height=\"223\" src=\"https:\/\/manualrrss.eweb2.unex.es\/wp-content\/uploads\/2021\/11\/webRRSS-cabecera-logos.jpg\" class=\"attachment-full size-full wp-image-4778\" alt=\"\" \/>\t\t\t\t\t\t\t\t\t\t\t\t\t\t\t<\/div>\n\t\t\t\t<\/div>\n\t\t\t\t\t<\/div>\n\t\t<\/div>\n\t\t\t\t\t<\/div>\n\t\t<\/section>\n\t\t\t\t<section class=\"elementor-section elementor-top-section elementor-element elementor-element-5fd24326 elementor-section-boxed elementor-section-height-default elementor-section-height-default\" data-id=\"5fd24326\" data-element_type=\"section\" data-settings=\"{&quot;background_background&quot;:&quot;classic&quot;}\">\n\t\t\t\t\t\t<div class=\"elementor-container elementor-column-gap-default\">\n\t\t\t\t\t<div class=\"elementor-column elementor-col-33 elementor-top-column elementor-element elementor-element-4f7603a6\" data-id=\"4f7603a6\" data-element_type=\"column\">\n\t\t\t<div class=\"elementor-widget-wrap elementor-element-populated\">\n\t\t\t\t\t\t\t<\/div>\n\t\t<\/div>\n\t\t\t\t<div class=\"elementor-column elementor-col-33 elementor-top-column elementor-element elementor-element-b90d860\" data-id=\"b90d860\" data-element_type=\"column\">\n\t\t\t<div class=\"elementor-widget-wrap elementor-element-populated\">\n\t\t\t\t\t\t<div class=\"elementor-element elementor-element-a822aa0 elementor-widget elementor-widget-text-editor\" data-id=\"a822aa0\" data-element_type=\"widget\" data-widget_type=\"text-editor.default\">\n\t\t\t\t<div class=\"elementor-widget-container\">\n\t\t\t\t\t\t\t\t\t<h1>\u00a0<\/h1><h1>EL LOGOTIPO<\/h1><div>El logotipo o logo representa el nombre de la marca con una tipograf\u00eda espec\u00edfica que contribuye a la identificaci\u00f3n de la misma.<\/div><div>\u00a0<\/div><div><img decoding=\"async\" class=\"aligncenter\" src=\"https:\/\/imagencorporativa.eweb2.unex.es\/wp-content\/uploads\/2021\/11\/LOGOTIPO.png\" alt=\"\" width=\"250\" height=\"85\" \/><\/div><div>\u00a0<\/div><div><div style=\"width: 600px;\" data-id=\"16726ab\" data-element_type=\"column\"><div style=\"width: 600px; padding: 10px;\"><div style=\"width: 580px;\" data-id=\"7bd4150\" data-element_type=\"widget\" data-widget_type=\"text-editor.default\"><ul><li>Descarga el paquete de <a href=\"https:\/\/imagencorporativa.eweb2.unex.es\/wp-content\/uploads\/2021\/11\/Logotipo-UEx-png.zip\">logotipos completo en PNG<\/a><u><img decoding=\"async\" class=\"size-full wp-image-4394 alignright\" src=\"https:\/\/imagencorporativa.eweb2.unex.es\/wp-content\/uploads\/2021\/10\/icono.jpg\" alt=\"\" width=\"84\" height=\"114\" \/><\/u><\/li><li>Descarga el paquete de\u00a0<a href=\"https:\/\/imagencorporativa.eweb2.unex.es\/wp-content\/uploads\/2021\/11\/Logtipo_UEx-jpg.zip\">logotipos completo en JPG<\/a><\/li><li>Descarga el paquete de\u00a0<a href=\"https:\/\/imagencorporativa.eweb2.unex.es\/wp-content\/uploads\/2021\/11\/Logotipo_UEx-pdf.zip\">logotipos completo en PDF<\/a><\/li><\/ul><h1 style=\"text-align: right;\">\u00a0<\/h1><h1>GRAFISMO DE MARCA O EMBLEMA<\/h1><div><span class=\"fontstyle0\">El grafismo o emblema de la Universidad de Extremadura se compone de tres elementos b\u00e1sicos:<br \/>1.- Las iniciales \u201cEX\u201d en su parte inferior, simbolizando la regi\u00f3n.<br \/>2.- La inicial \u201cU\u201d, en otra tipograf\u00eda y caja baja, como referente al estudio y al mundo universitario.<br \/>3.- El capitel arriba, como s\u00edmbolo hist\u00f3rico del saber. Su c\u00edrculo simboliza tanto la idea de punto de encuentro como.. <span style=\"color: #800000;\"><em>(en el manual falta texto).<\/em><\/span><\/span><\/div><div>\u00a0<\/div><div><span class=\"fontstyle0\"><img loading=\"lazy\" decoding=\"async\" class=\"aligncenter wp-image-4650\" src=\"https:\/\/imagencorporativa.eweb2.unex.es\/wp-content\/uploads\/2021\/11\/Grafismo-UEx-Color.png\" alt=\"\" width=\"100\" height=\"171\" \/><\/span><\/div><div>\u00a0<\/div><div><ul><li>Descarga el paquete d<img decoding=\"async\" class=\"size-full wp-image-4394 alignright\" src=\"https:\/\/imagencorporativa.eweb2.unex.es\/wp-content\/uploads\/2021\/10\/icono.jpg\" alt=\"\" width=\"84\" height=\"114\" \/>e grafismo de marca <a href=\"https:\/\/imagencorporativa.eweb2.unex.es\/wp-content\/uploads\/2021\/11\/Grafismo_de_Marca_UEx-png.zip\">completo en PNG<\/a><\/li><li>Descarga el paquete de\u00a0grafismo de marca <a href=\"https:\/\/imagencorporativa.eweb2.unex.es\/wp-content\/uploads\/2021\/11\/Grafismo_de_Marca_UEx-jpg.zip\">completo en JPG<\/a><\/li><li>Descarga el paquete de\u00a0grafismo de marca <a href=\"https:\/\/imagencorporativa.eweb2.unex.es\/wp-content\/uploads\/2021\/11\/Grafismo_de_Marca_UEx-pdf.zip\">completo en PDF<\/a><\/li><\/ul><\/div><div>\u00a0<\/div><\/div><\/div><\/div><div style=\"width: 600px;\" data-id=\"8c04141\" data-element_type=\"column\"><div style=\"width: 580px;\" data-id=\"c3421a5\" data-element_type=\"widget\" data-widget_type=\"image.default\"><h1>MARCA\u00a0<\/h1><p><span class=\"fontstyle0\">La Marca estar\u00e1 compuesta por la combinaci\u00f3n del Grafismo y el Logotipo. En funci\u00f3n de la disposici\u00f3n de ambos, existir\u00e1n dos formatos:<br \/>&#8211; Disposici\u00f3n Horizontal<br \/>&#8211; Disposici\u00f3n Vertical<br \/>Con car\u00e1cter general, la Marca ser\u00e1 el elemento identificativo de la Universidad.<\/span><\/p><\/div><p><img loading=\"lazy\" decoding=\"async\" class=\"aligncenter wp-image-4651\" src=\"https:\/\/imagencorporativa.eweb2.unex.es\/wp-content\/uploads\/2021\/11\/Marca-UEx.png\" alt=\"\" width=\"400\" height=\"124\" \/><\/p><\/div><\/div><div><ul><li>Descarga el paquete de marca <a href=\"https:\/\/imagencorporativa.eweb2.unex.es\/wp-content\/uploads\/2021\/11\/Marca_UEx-png.zip\">completo en PNG<\/a><u><img decoding=\"async\" class=\"size-full wp-image-4394 alignright\" src=\"https:\/\/imagencorporativa.eweb2.unex.es\/wp-content\/uploads\/2021\/10\/icono.jpg\" alt=\"\" width=\"84\" height=\"114\" \/><\/u><\/li><li>Descarga el paquete de marca <a href=\"https:\/\/imagencorporativa.eweb2.unex.es\/wp-content\/uploads\/2021\/11\/Marca-UEx-jpg.zip\">completo en JPG<\/a><\/li><li>Descarga el paquete de \u00a0marca <a href=\"https:\/\/imagencorporativa.eweb2.unex.es\/wp-content\/uploads\/2021\/11\/Marca_UEx-pdf.zip\">completo en PDF<\/a><\/li><\/ul><\/div><p style=\"text-align: right;\"><span style=\"text-decoration: underline;\"><strong><a href=\"https:\/\/imagencorporativa.eweb2.unex.es\/wp-content\/uploads\/2021\/11\/usos-incorrectos.png\"><em>* VER USOS INCORRECTOS DE LA MARCA\u00a0<\/em><\/a><\/strong><\/span><\/p>\t\t\t\t\t\t\t\t<\/div>\n\t\t\t\t<\/div>\n\t\t\t\t\t<\/div>\n\t\t<\/div>\n\t\t\t\t<div class=\"elementor-column elementor-col-33 elementor-top-column elementor-element elementor-element-ece8050\" data-id=\"ece8050\" data-element_type=\"column\">\n\t\t\t<div class=\"elementor-widget-wrap elementor-element-populated\">\n\t\t\t\t\t\t\t<\/div>\n\t\t<\/div>\n\t\t\t\t\t<\/div>\n\t\t<\/section>\n\t\t\t\t<section class=\"elementor-section elementor-top-section elementor-element elementor-element-6a5d6959 elementor-section-full_width cuadradossb elementor-section-height-default elementor-section-height-default\" data-id=\"6a5d6959\" data-element_type=\"section\" data-settings=\"{&quot;background_background&quot;:&quot;classic&quot;}\">\n\t\t\t\t\t\t<div class=\"elementor-container elementor-column-gap-custom\">\n\t\t\t\t\t<div class=\"elementor-column elementor-col-33 elementor-top-column elementor-element elementor-element-19bd5304\" data-id=\"19bd5304\" data-element_type=\"column\" data-settings=\"{&quot;background_background&quot;:&quot;classic&quot;}\">\n\t\t\t<div class=\"elementor-widget-wrap elementor-element-populated\">\n\t\t\t\t\t\t<div class=\"elementor-element elementor-element-2fb11b06 elementor-invisible elementor-widget elementor-widget-image\" data-id=\"2fb11b06\" data-element_type=\"widget\" data-settings=\"{&quot;_animation&quot;:&quot;fadeIn&quot;}\" data-widget_type=\"image.default\">\n\t\t\t\t<div class=\"elementor-widget-container\">\n\t\t\t\t\t\t\t\t\t\t\t\t\t\t\t\t<a href=\"https:\/\/manualrrss.eweb2.unex.es\/index.php\/normas-de-uso\/\">\n\t\t\t\t\t\t\t<img loading=\"lazy\" decoding=\"async\" width=\"530\" height=\"220\" src=\"https:\/\/manualrrss.eweb2.unex.es\/wp-content\/uploads\/2021\/11\/webRRSS-Botones-home-01.jpg\" class=\"attachment-large size-large wp-image-4638\" alt=\"\" \/>\t\t\t\t\t\t\t\t<\/a>\n\t\t\t\t\t\t\t\t\t\t\t\t\t\t\t<\/div>\n\t\t\t\t<\/div>\n\t\t\t\t\t<\/div>\n\t\t<\/div>\n\t\t\t\t<div class=\"elementor-column elementor-col-33 elementor-top-column elementor-element elementor-element-5a97b444\" data-id=\"5a97b444\" data-element_type=\"column\" data-settings=\"{&quot;background_background&quot;:&quot;classic&quot;}\">\n\t\t\t<div class=\"elementor-widget-wrap elementor-element-populated\">\n\t\t\t\t\t\t<div class=\"elementor-element elementor-element-33d5c4c0 elementor-invisible elementor-widget elementor-widget-image\" data-id=\"33d5c4c0\" data-element_type=\"widget\" data-settings=\"{&quot;_animation&quot;:&quot;fadeIn&quot;}\" data-widget_type=\"image.default\">\n\t\t\t\t<div class=\"elementor-widget-container\">\n\t\t\t\t\t\t\t\t\t\t\t\t\t\t\t\t<a href=\"https:\/\/manualrrss.eweb2.unex.es\/index.php\/creacion-de-cuentas\/\">\n\t\t\t\t\t\t\t<img loading=\"lazy\" decoding=\"async\" width=\"530\" height=\"220\" src=\"https:\/\/manualrrss.eweb2.unex.es\/wp-content\/uploads\/2021\/11\/webRRSS-Botones-home-02.jpg\" class=\"attachment-large size-large wp-image-4639\" alt=\"\" \/>\t\t\t\t\t\t\t\t<\/a>\n\t\t\t\t\t\t\t\t\t\t\t\t\t\t\t<\/div>\n\t\t\t\t<\/div>\n\t\t\t\t\t<\/div>\n\t\t<\/div>\n\t\t\t\t<div class=\"elementor-column elementor-col-33 elementor-top-column elementor-element elementor-element-6b8598a1\" data-id=\"6b8598a1\" data-element_type=\"column\" data-settings=\"{&quot;background_background&quot;:&quot;classic&quot;}\">\n\t\t\t<div class=\"elementor-widget-wrap elementor-element-populated\">\n\t\t\t\t\t\t<div class=\"elementor-element elementor-element-fb7fadd elementor-invisible elementor-widget elementor-widget-image\" data-id=\"fb7fadd\" data-element_type=\"widget\" data-settings=\"{&quot;_animation&quot;:&quot;fadeIn&quot;}\" data-widget_type=\"image.default\">\n\t\t\t\t<div class=\"elementor-widget-container\">\n\t\t\t\t\t\t\t\t\t\t\t\t\t\t\t\t<a href=\"https:\/\/manualrrss.eweb2.unex.es\/index.php\/recomendaciones-generales\/\">\n\t\t\t\t\t\t\t<img loading=\"lazy\" decoding=\"async\" width=\"530\" height=\"220\" src=\"https:\/\/manualrrss.eweb2.unex.es\/wp-content\/uploads\/2021\/11\/webRRSS-Botones-home-03.jpg\" class=\"attachment-large size-large wp-image-4640\" alt=\"\" \/>\t\t\t\t\t\t\t\t<\/a>\n\t\t\t\t\t\t\t\t\t\t\t\t\t\t\t<\/div>\n\t\t\t\t<\/div>\n\t\t\t\t\t<\/div>\n\t\t<\/div>\n\t\t\t\t\t<\/div>\n\t\t<\/section>\n\t\t\t\t<section class=\"elementor-section elementor-top-section elementor-element elementor-element-27f1a9b2 elementor-section-full_width cuadradossb elementor-section-height-default elementor-section-height-default\" data-id=\"27f1a9b2\" data-element_type=\"section\" data-settings=\"{&quot;background_background&quot;:&quot;classic&quot;}\">\n\t\t\t\t\t\t<div class=\"elementor-container elementor-column-gap-custom\">\n\t\t\t\t\t<div class=\"elementor-column elementor-col-33 elementor-top-column elementor-element elementor-element-10f776a3\" data-id=\"10f776a3\" data-element_type=\"column\" data-settings=\"{&quot;background_background&quot;:&quot;classic&quot;}\">\n\t\t\t<div class=\"elementor-widget-wrap elementor-element-populated\">\n\t\t\t\t\t\t<div class=\"elementor-element elementor-element-4438a595 elementor-invisible elementor-widget elementor-widget-image\" data-id=\"4438a595\" data-element_type=\"widget\" data-settings=\"{&quot;_animation&quot;:&quot;fadeIn&quot;}\" data-widget_type=\"image.default\">\n\t\t\t\t<div class=\"elementor-widget-container\">\n\t\t\t\t\t\t\t\t\t\t\t\t\t\t\t\t<a href=\"https:\/\/manualrrss.eweb2.unex.es\/index.php\/estilo-redes-sociales\/\">\n\t\t\t\t\t\t\t<img loading=\"lazy\" decoding=\"async\" width=\"530\" height=\"220\" src=\"https:\/\/manualrrss.eweb2.unex.es\/wp-content\/uploads\/2021\/11\/webRRSS-Botones-home-04.jpg\" class=\"attachment-large size-large wp-image-4641\" alt=\"\" \/>\t\t\t\t\t\t\t\t<\/a>\n\t\t\t\t\t\t\t\t\t\t\t\t\t\t\t<\/div>\n\t\t\t\t<\/div>\n\t\t\t\t\t<\/div>\n\t\t<\/div>\n\t\t\t\t<div class=\"elementor-column elementor-col-33 elementor-top-column elementor-element elementor-element-8089e62\" data-id=\"8089e62\" data-element_type=\"column\" data-settings=\"{&quot;background_background&quot;:&quot;classic&quot;}\">\n\t\t\t<div class=\"elementor-widget-wrap elementor-element-populated\">\n\t\t\t\t\t\t<div class=\"elementor-element elementor-element-110a9058 elementor-invisible elementor-widget elementor-widget-image\" data-id=\"110a9058\" data-element_type=\"widget\" data-settings=\"{&quot;_animation&quot;:&quot;fadeIn&quot;}\" data-widget_type=\"image.default\">\n\t\t\t\t<div class=\"elementor-widget-container\">\n\t\t\t\t\t\t\t\t\t\t\t\t\t\t\t<img loading=\"lazy\" decoding=\"async\" width=\"530\" height=\"220\" src=\"https:\/\/manualrrss.eweb2.unex.es\/wp-content\/uploads\/2021\/11\/webRRSS-Botones-home-05.jpg\" class=\"attachment-large size-large wp-image-4642\" alt=\"\" \/>\t\t\t\t\t\t\t\t\t\t\t\t\t\t\t<\/div>\n\t\t\t\t<\/div>\n\t\t\t\t\t<\/div>\n\t\t<\/div>\n\t\t\t\t<div class=\"elementor-column elementor-col-33 elementor-top-column elementor-element elementor-element-35b0e985\" data-id=\"35b0e985\" data-element_type=\"column\" data-settings=\"{&quot;background_background&quot;:&quot;classic&quot;}\">\n\t\t\t<div class=\"elementor-widget-wrap elementor-element-populated\">\n\t\t\t\t\t\t<div class=\"elementor-element elementor-element-58823e elementor-invisible elementor-widget elementor-widget-image\" data-id=\"58823e\" data-element_type=\"widget\" data-settings=\"{&quot;_animation&quot;:&quot;fadeIn&quot;}\" data-widget_type=\"image.default\">\n\t\t\t\t<div class=\"elementor-widget-container\">\n\t\t\t\t\t\t\t\t\t\t\t\t\t\t\t\t<a href=\"https:\/\/manualrrss.eweb2.unex.es\/index.php\/plantillas-redes-sociales\/\">\n\t\t\t\t\t\t\t<img loading=\"lazy\" decoding=\"async\" width=\"530\" height=\"220\" src=\"https:\/\/manualrrss.eweb2.unex.es\/wp-content\/uploads\/2021\/11\/webRRSS-Botones-home-06.jpg\" class=\"attachment-large size-large wp-image-4643\" alt=\"\" \/>\t\t\t\t\t\t\t\t<\/a>\n\t\t\t\t\t\t\t\t\t\t\t\t\t\t\t<\/div>\n\t\t\t\t<\/div>\n\t\t\t\t\t<\/div>\n\t\t<\/div>\n\t\t\t\t\t<\/div>\n\t\t<\/section>\n\t\t\t\t<\/div>\n\t\t","protected":false},"excerpt":{"rendered":"<p>\u00a0 EL LOGOTIPO El logotipo o logo representa el nombre de la marca con una tipograf\u00eda espec\u00edfica que contribuye a la identificaci\u00f3n de la misma.\u00a0\u00a0 Descarga el paquete de logotipos completo en PNG Descarga el paquete de\u00a0logotipos completo en JPG Descarga el paquete de\u00a0logotipos completo en PDF \u00a0 GRAFISMO DE MARCA O EMBLEMA El grafismo [&hellip;]<\/p>\n","protected":false},"author":1,"featured_media":0,"parent":0,"menu_order":0,"comment_status":"closed","ping_status":"closed","template":"","meta":{"_editorskit_title_hidden":false,"_editorskit_reading_time":1,"_editorskit_is_block_options_detached":false,"_editorskit_block_options_position":"{}","site-sidebar-layout":"no-sidebar","site-content-layout":"page-builder","ast-site-content-layout":"default","site-content-style":"default","site-sidebar-style":"default","ast-global-header-display":"","ast-banner-title-visibility":"","ast-main-header-display":"","ast-hfb-above-header-display":"","ast-hfb-below-header-display":"","ast-hfb-mobile-header-display":"","site-post-title":"disabled","ast-breadcrumbs-content":"","ast-featured-img":"disabled","footer-sml-layout":"","theme-transparent-header-meta":"","adv-header-id-meta":"","stick-header-meta":"","header-above-stick-meta":"","header-main-stick-meta":"","header-below-stick-meta":"","astra-migrate-meta-layouts":"default","ast-page-background-enabled":"default","ast-page-background-meta":{"desktop":{"background-color":"","background-image":"","background-repeat":"repeat","background-position":"center center","background-size":"auto","background-attachment":"scroll","background-type":"","background-media":"","overlay-type":"","overlay-color":"","overlay-opacity":"","overlay-gradient":""},"tablet":{"background-color":"","background-image":"","background-repeat":"repeat","background-position":"center center","background-size":"auto","background-attachment":"scroll","background-type":"","background-media":"","overlay-type":"","overlay-color":"","overlay-opacity":"","overlay-gradient":""},"mobile":{"background-color":"","background-image":"","background-repeat":"repeat","background-position":"center center","background-size":"auto","background-attachment":"scroll","background-type":"","background-media":"","overlay-type":"","overlay-color":"","overlay-opacity":"","overlay-gradient":""}},"ast-content-background-meta":{"desktop":{"background-color":"var(--ast-global-color-5)","background-image":"","background-repeat":"repeat","background-position":"center center","background-size":"auto","background-attachment":"scroll","background-type":"","background-media":"","overlay-type":"","overlay-color":"","overlay-opacity":"","overlay-gradient":""},"tablet":{"background-color":"var(--ast-global-color-5)","background-image":"","background-repeat":"repeat","background-position":"center center","background-size":"auto","background-attachment":"scroll","background-type":"","background-media":"","overlay-type":"","overlay-color":"","overlay-opacity":"","overlay-gradient":""},"mobile":{"background-color":"var(--ast-global-color-5)","background-image":"","background-repeat":"repeat","background-position":"center center","background-size":"auto","background-attachment":"scroll","background-type":"","background-media":"","overlay-type":"","overlay-color":"","overlay-opacity":"","overlay-gradient":""}},"footnotes":""},"class_list":["post-4775","page","type-page","status-publish","hentry"],"_links":{"self":[{"href":"https:\/\/manualrrss.eweb2.unex.es\/index.php\/wp-json\/wp\/v2\/pages\/4775","targetHints":{"allow":["GET"]}}],"collection":[{"href":"https:\/\/manualrrss.eweb2.unex.es\/index.php\/wp-json\/wp\/v2\/pages"}],"about":[{"href":"https:\/\/manualrrss.eweb2.unex.es\/index.php\/wp-json\/wp\/v2\/types\/page"}],"author":[{"embeddable":true,"href":"https:\/\/manualrrss.eweb2.unex.es\/index.php\/wp-json\/wp\/v2\/users\/1"}],"replies":[{"embeddable":true,"href":"https:\/\/manualrrss.eweb2.unex.es\/index.php\/wp-json\/wp\/v2\/comments?post=4775"}],"version-history":[{"count":7,"href":"https:\/\/manualrrss.eweb2.unex.es\/index.php\/wp-json\/wp\/v2\/pages\/4775\/revisions"}],"predecessor-version":[{"id":4784,"href":"https:\/\/manualrrss.eweb2.unex.es\/index.php\/wp-json\/wp\/v2\/pages\/4775\/revisions\/4784"}],"wp:attachment":[{"href":"https:\/\/manualrrss.eweb2.unex.es\/index.php\/wp-json\/wp\/v2\/media?parent=4775"}],"curies":[{"name":"wp","href":"https:\/\/api.w.org\/{rel}","templated":true}]}}