{"id":4492,"date":"2021-10-22T09:56:11","date_gmt":"2021-10-22T09:56:11","guid":{"rendered":"https:\/\/manualrrss.eweb2.unex.es\/?page_id=4492"},"modified":"2021-11-28T20:48:48","modified_gmt":"2021-11-28T20:48:48","slug":"creacion-de-cuentas","status":"publish","type":"page","link":"https:\/\/manualrrss.eweb2.unex.es\/index.php\/creacion-de-cuentas\/","title":{"rendered":"Creaci\u00f3n de cuentas"},"content":{"rendered":"\t\t<div data-elementor-type=\"wp-page\" data-elementor-id=\"4492\" class=\"elementor elementor-4492\">\n\t\t\t\t\t\t<section class=\"elementor-section elementor-top-section elementor-element elementor-element-240121ae elementor-section-full_width elementor-section-height-default elementor-section-height-default\" data-id=\"240121ae\" data-element_type=\"section\" data-settings=\"{&quot;background_background&quot;:&quot;classic&quot;}\">\n\t\t\t\t\t\t<div class=\"elementor-container elementor-column-gap-default\">\n\t\t\t\t\t<div class=\"elementor-column elementor-col-100 elementor-top-column elementor-element elementor-element-32d4114e\" data-id=\"32d4114e\" data-element_type=\"column\">\n\t\t\t<div class=\"elementor-widget-wrap elementor-element-populated\">\n\t\t\t\t\t\t<div class=\"elementor-element elementor-element-b335b2f elementor-widget elementor-widget-image\" data-id=\"b335b2f\" data-element_type=\"widget\" data-widget_type=\"image.default\">\n\t\t\t\t<div class=\"elementor-widget-container\">\n\t\t\t\t\t\t\t\t\t\t\t\t\t\t\t<img fetchpriority=\"high\" decoding=\"async\" width=\"1920\" height=\"223\" src=\"https:\/\/manualrrss.eweb2.unex.es\/wp-content\/uploads\/2021\/11\/webRRSS-cabecera-creacion-de-cuentas.jpg\" class=\"attachment-full size-full wp-image-4687\" alt=\"\" \/>\t\t\t\t\t\t\t\t\t\t\t\t\t\t\t<\/div>\n\t\t\t\t<\/div>\n\t\t\t\t\t<\/div>\n\t\t<\/div>\n\t\t\t\t\t<\/div>\n\t\t<\/section>\n\t\t\t\t<section class=\"elementor-section elementor-top-section elementor-element elementor-element-40ceeeee elementor-section-boxed elementor-section-height-default elementor-section-height-default\" data-id=\"40ceeeee\" data-element_type=\"section\" data-settings=\"{&quot;background_background&quot;:&quot;classic&quot;}\">\n\t\t\t\t\t\t<div class=\"elementor-container elementor-column-gap-default\">\n\t\t\t\t\t<div class=\"elementor-column elementor-col-50 elementor-top-column elementor-element elementor-element-396400a7\" data-id=\"396400a7\" data-element_type=\"column\">\n\t\t\t<div class=\"elementor-widget-wrap elementor-element-populated\">\n\t\t\t\t\t\t<div class=\"elementor-element elementor-element-2387e160 elementor-widget elementor-widget-text-editor\" data-id=\"2387e160\" data-element_type=\"widget\" data-widget_type=\"text-editor.default\">\n\t\t\t\t<div class=\"elementor-widget-container\">\n\t\t\t\t\t\t\t\t\t<h1><b>CREACI\u00d3N DE CUENTAS OFICIALES DE LA UEx<\/b><\/h1><p align=\"JUSTIFY\"><span style=\"font-size: large;\">Las cuentas oficiales de la UEx deben ser gestionadas por <strong>correos electr\u00f3nicos corporativos<\/strong>, delegando su gesti\u00f3n permanente a una persona con vinculaci\u00f3n profesional dentro de la instituci\u00f3n para garantizar la confidencialidad de las contrase\u00f1as.<\/span><\/p><p align=\"JUSTIFY\"><span style=\"font-size: large;\">La creaci\u00f3n de cuentas oficiales ser\u00e1 competencia del <em>Gabinete de Imagen y Comunicaci\u00f3n de la UEx<\/em>, el cual redactar\u00e1 un documento justificando la creaci\u00f3n de una nueva cuenta y sus objetivos. (<a href=\"https:\/\/manualrrss.eweb2.unex.es\/wp-content\/uploads\/2021\/11\/Estilo-redes-sociales-UEX-2020.pdf-UExCloud.pdf\">Consulta el Manual para ampliar la informaci\u00f3n<\/a>).<\/span><\/p><p align=\"JUSTIFY\"><span style=\"font-size: large;\">Cualquier cuenta que superen los <strong>2 meses de inactividad<\/strong>, se entender\u00e1 como cuenta inactiva y ser\u00e1 cerrada autom\u00e1ticamente.<\/span><\/p>\t\t\t\t\t\t\t\t<\/div>\n\t\t\t\t<\/div>\n\t\t\t\t\t<\/div>\n\t\t<\/div>\n\t\t\t\t<div class=\"elementor-column elementor-col-50 elementor-top-column elementor-element elementor-element-4fc7e2c8\" data-id=\"4fc7e2c8\" data-element_type=\"column\">\n\t\t\t<div class=\"elementor-widget-wrap elementor-element-populated\">\n\t\t\t\t\t\t<div class=\"elementor-element elementor-element-574a719c elementor-widget elementor-widget-image\" data-id=\"574a719c\" data-element_type=\"widget\" data-widget_type=\"image.default\">\n\t\t\t\t<div class=\"elementor-widget-container\">\n\t\t\t\t\t\t\t\t\t\t\t\t\t\t\t<img decoding=\"async\" width=\"182\" height=\"300\" src=\"https:\/\/manualrrss.eweb2.unex.es\/wp-content\/uploads\/2021\/10\/logo.png\" class=\"attachment-medium size-medium wp-image-28\" alt=\"\" \/>\t\t\t\t\t\t\t\t\t\t\t\t\t\t\t<\/div>\n\t\t\t\t<\/div>\n\t\t\t\t\t<\/div>\n\t\t<\/div>\n\t\t\t\t\t<\/div>\n\t\t<\/section>\n\t\t\t\t<section class=\"elementor-section elementor-top-section elementor-element elementor-element-5313510 elementor-section-boxed elementor-section-height-default elementor-section-height-default\" data-id=\"5313510\" data-element_type=\"section\" data-settings=\"{&quot;background_background&quot;:&quot;classic&quot;}\">\n\t\t\t\t\t\t<div class=\"elementor-container elementor-column-gap-default\">\n\t\t\t\t\t<div class=\"elementor-column elementor-col-100 elementor-top-column elementor-element elementor-element-0a0165e\" data-id=\"0a0165e\" data-element_type=\"column\">\n\t\t\t<div class=\"elementor-widget-wrap elementor-element-populated\">\n\t\t\t\t\t\t<div class=\"elementor-element elementor-element-f7ec3d0 elementor-widget-divider--view-line elementor-widget elementor-widget-divider\" data-id=\"f7ec3d0\" data-element_type=\"widget\" data-widget_type=\"divider.default\">\n\t\t\t\t<div class=\"elementor-widget-container\">\n\t\t\t\t\t\t\t<div class=\"elementor-divider\">\n\t\t\t<span class=\"elementor-divider-separator\">\n\t\t\t\t\t\t<\/span>\n\t\t<\/div>\n\t\t\t\t\t\t<\/div>\n\t\t\t\t<\/div>\n\t\t\t\t<div class=\"elementor-element elementor-element-807e931 elementor-tabs-view-horizontal elementor-widget elementor-widget-tabs\" data-id=\"807e931\" data-element_type=\"widget\" data-widget_type=\"tabs.default\">\n\t\t\t\t<div class=\"elementor-widget-container\">\n\t\t\t\t\t\t\t<div class=\"elementor-tabs\">\n\t\t\t<div class=\"elementor-tabs-wrapper\" role=\"tablist\" >\n\t\t\t\t\t\t\t\t\t<div id=\"elementor-tab-title-1341\" class=\"elementor-tab-title elementor-tab-desktop-title\" aria-selected=\"true\" data-tab=\"1\" role=\"tab\" tabindex=\"0\" aria-controls=\"elementor-tab-content-1341\" aria-expanded=\"false\">Procedimiento de solicitud de cuenta<\/div>\n\t\t\t\t\t\t\t\t\t<div id=\"elementor-tab-title-1342\" class=\"elementor-tab-title elementor-tab-desktop-title\" aria-selected=\"false\" data-tab=\"2\" role=\"tab\" tabindex=\"-1\" aria-controls=\"elementor-tab-content-1342\" aria-expanded=\"false\">Denominaci\u00f3n de cuentas<\/div>\n\t\t\t\t\t\t\t\t\t<div id=\"elementor-tab-title-1343\" class=\"elementor-tab-title elementor-tab-desktop-title\" aria-selected=\"false\" data-tab=\"3\" role=\"tab\" tabindex=\"-1\" aria-controls=\"elementor-tab-content-1343\" aria-expanded=\"false\">Criterios de identidad visual<\/div>\n\t\t\t\t\t\t\t<\/div>\n\t\t\t<div class=\"elementor-tabs-content-wrapper\" role=\"tablist\" aria-orientation=\"vertical\">\n\t\t\t\t\t\t\t\t\t<div class=\"elementor-tab-title elementor-tab-mobile-title\" aria-selected=\"true\" data-tab=\"1\" role=\"tab\" tabindex=\"0\" aria-controls=\"elementor-tab-content-1341\" aria-expanded=\"false\">Procedimiento de solicitud de cuenta<\/div>\n\t\t\t\t\t<div id=\"elementor-tab-content-1341\" class=\"elementor-tab-content elementor-clearfix\" data-tab=\"1\" role=\"tabpanel\" aria-labelledby=\"elementor-tab-title-1341\" tabindex=\"0\" hidden=\"false\"><p style=\"text-align: justify;\" align=\"JUSTIFY\"><span style=\"font-size: large;\">A la hora de crear una nueva cuenta se enviar\u00e1 un correo a <\/span><span style=\"color: #000080;\"><span lang=\"zxx\"><u><a href=\"mailto:redessociales@unex.es\"><span style=\"font-size: large;\">redessociales@unex.es<\/span><\/a><\/u><\/span><\/span><span style=\"font-size: large;\">, con el asunto \u201cApertura de RRSS\u201d y en el que se debe incluir la siguiente informaci\u00f3n:<\/span><\/p><p style=\"text-align: justify;\"><span style=\"font-size: large;\">&#8211; Nombre y apellidos del solicitante.<\/span><\/p><p style=\"text-align: justify;\"><span style=\"font-size: large;\">&#8211; Nombre de la facultad, departamento, servicio o centro al que estar\u00e1 adscrita la cuenta.<\/span><\/p><p style=\"text-align: justify;\"><span style=\"font-size: large;\">&#8211; Red social en la que quiera abrir el perfil.<\/span><\/p><p style=\"text-align: justify;\"><span style=\"font-size: large;\">&#8211; Nombre de usuario en la red social.<\/span><\/p><p style=\"text-align: justify;\"><span style=\"font-size: large;\">&#8211; Persona o personas que gestionar\u00e1n ese perfil o perfiles.<\/span><\/p><p style=\"text-align: justify;\"><span style=\"font-size: large;\">&#8211; Y una Breve exposici\u00f3n de los contenidos y finalidad de la cuenta.<\/span><\/p><\/div>\n\t\t\t\t\t\t\t\t\t<div class=\"elementor-tab-title elementor-tab-mobile-title\" aria-selected=\"false\" data-tab=\"2\" role=\"tab\" tabindex=\"-1\" aria-controls=\"elementor-tab-content-1342\" aria-expanded=\"false\">Denominaci\u00f3n de cuentas<\/div>\n\t\t\t\t\t<div id=\"elementor-tab-content-1342\" class=\"elementor-tab-content elementor-clearfix\" data-tab=\"2\" role=\"tabpanel\" aria-labelledby=\"elementor-tab-title-1342\" tabindex=\"0\" hidden=\"hidden\"><p style=\"text-align: justify;\" align=\"LEFT\"><span style=\"font-size: large;\"><img decoding=\"async\" class=\"alignright size-full wp-image-4735\" src=\"https:\/\/manualrrss.eweb2.unex.es\/wp-content\/uploads\/2021\/11\/Image-4.png\" alt=\"\" width=\"226\" height=\"346\" \/>Como criterio general en la denominaci\u00f3n de perfiles se intentar\u00e1 que aparezca el nombre del organismo, servicio, facultad etc, finalizado por la palabra \u201cUEx\u201d.<\/span><\/p><p style=\"text-align: justify;\" align=\"LEFT\"><span style=\"font-size: large;\">De forma general se deben tener en cuenta estos criterios generales:<\/span><\/p><ul><li style=\"text-align: justify;\"><p align=\"LEFT\"><span style=\"font-size: large;\">Entre 6 y 15 caracteres<\/span><\/p><\/li><li style=\"text-align: justify;\"><p align=\"LEFT\"><span style=\"font-size: large;\">Utilizar la denominaci\u00f3n m\u00e1s conocida por el p\u00fablico<\/span><\/p><\/li><li style=\"text-align: justify;\"><p align=\"LEFT\"><span style=\"font-size: large;\">Evitar la cacofon\u00eda<\/span><\/p><\/li><li style=\"text-align: justify;\"><p align=\"LEFT\"><span style=\"font-size: large;\">Evitar siglas y palabras poco conocidas<\/span><\/p><\/li><li><p style=\"text-align: justify;\" align=\"LEFT\"><span style=\"font-size: large;\">Evitar guiones y caracteres extra\u00f1os<\/span><\/p><\/li><\/ul><\/div>\n\t\t\t\t\t\t\t\t\t<div class=\"elementor-tab-title elementor-tab-mobile-title\" aria-selected=\"false\" data-tab=\"3\" role=\"tab\" tabindex=\"-1\" aria-controls=\"elementor-tab-content-1343\" aria-expanded=\"false\">Criterios de identidad visual<\/div>\n\t\t\t\t\t<div id=\"elementor-tab-content-1343\" class=\"elementor-tab-content elementor-clearfix\" data-tab=\"3\" role=\"tabpanel\" aria-labelledby=\"elementor-tab-title-1343\" tabindex=\"0\" hidden=\"hidden\"><p style=\"text-align: justify;\" align=\"LEFT\"><span style=\"font-size: large;\">En todas las redes sociales se deben seguir los criterios de identificaci\u00f3n visual establecidos en el Manual de<img loading=\"lazy\" decoding=\"async\" class=\"alignright size-full wp-image-4736\" src=\"https:\/\/manualrrss.eweb2.unex.es\/wp-content\/uploads\/2021\/11\/Image-5.png\" alt=\"\" width=\"632\" height=\"437\" \/> Identidad Corporativa de la UEx, por tanto, el perfil debe ser siempre la marca de la UEx, junto al nombre del servicio\/centro correspondiente. <\/span><\/p><p style=\"text-align: justify;\" align=\"LEFT\"><span style=\"font-size: large;\">Aquellos servicios\/centros con logo propio tendr\u00e1n que utilizar la imagen de portada y la informaci\u00f3n del perfil para identificar su afiliaci\u00f3n con la UEx.<\/span><\/p><p style=\"text-align: justify;\" align=\"LEFT\"><span style=\"font-size: large;\">Todas las im\u00e1genes de portada deben estar relacionadas con la tem\u00e1tica del perfil en cuesti\u00f3n y cada vez que se produzca un cambio de la imagen de portada deber\u00e1 contar con el V\u00baB\u00ba de la Direcci\u00f3n de Comunicaci\u00f3n.<\/span><\/p><\/div>\n\t\t\t\t\t\t\t<\/div>\n\t\t<\/div>\n\t\t\t\t\t\t<\/div>\n\t\t\t\t<\/div>\n\t\t\t\t\t<\/div>\n\t\t<\/div>\n\t\t\t\t\t<\/div>\n\t\t<\/section>\n\t\t\t\t<section class=\"elementor-section elementor-top-section elementor-element elementor-element-bb22a46 elementor-section-full_width cuadradossb elementor-section-height-default elementor-section-height-default\" data-id=\"bb22a46\" data-element_type=\"section\" data-settings=\"{&quot;background_background&quot;:&quot;classic&quot;}\">\n\t\t\t\t\t\t<div class=\"elementor-container elementor-column-gap-custom\">\n\t\t\t\t\t<div class=\"elementor-column elementor-col-33 elementor-top-column elementor-element elementor-element-27782cb3\" data-id=\"27782cb3\" data-element_type=\"column\" data-settings=\"{&quot;background_background&quot;:&quot;classic&quot;}\">\n\t\t\t<div class=\"elementor-widget-wrap elementor-element-populated\">\n\t\t\t\t\t\t<div class=\"elementor-element elementor-element-4726cc13 elementor-invisible elementor-widget elementor-widget-image\" data-id=\"4726cc13\" data-element_type=\"widget\" data-settings=\"{&quot;_animation&quot;:&quot;fadeIn&quot;}\" data-widget_type=\"image.default\">\n\t\t\t\t<div class=\"elementor-widget-container\">\n\t\t\t\t\t\t\t\t\t\t\t\t\t\t\t\t<a href=\"https:\/\/manualrrss.eweb2.unex.es\/index.php\/normas-de-uso\/\">\n\t\t\t\t\t\t\t<img loading=\"lazy\" decoding=\"async\" width=\"530\" height=\"220\" src=\"https:\/\/manualrrss.eweb2.unex.es\/wp-content\/uploads\/2021\/11\/webRRSS-Botones-home-01.jpg\" class=\"attachment-large size-large wp-image-4638\" alt=\"\" \/>\t\t\t\t\t\t\t\t<\/a>\n\t\t\t\t\t\t\t\t\t\t\t\t\t\t\t<\/div>\n\t\t\t\t<\/div>\n\t\t\t\t\t<\/div>\n\t\t<\/div>\n\t\t\t\t<div class=\"elementor-column elementor-col-33 elementor-top-column elementor-element elementor-element-54f9bba8\" data-id=\"54f9bba8\" data-element_type=\"column\" data-settings=\"{&quot;background_background&quot;:&quot;classic&quot;}\">\n\t\t\t<div class=\"elementor-widget-wrap elementor-element-populated\">\n\t\t\t\t\t\t<div class=\"elementor-element elementor-element-19fbc447 elementor-invisible elementor-widget elementor-widget-image\" data-id=\"19fbc447\" data-element_type=\"widget\" data-settings=\"{&quot;_animation&quot;:&quot;fadeIn&quot;}\" data-widget_type=\"image.default\">\n\t\t\t\t<div class=\"elementor-widget-container\">\n\t\t\t\t\t\t\t\t\t\t\t\t\t\t\t\t<a href=\"https:\/\/manualrrss.eweb2.unex.es\/index.php\/creacion-de-cuentas\/\">\n\t\t\t\t\t\t\t<img loading=\"lazy\" decoding=\"async\" width=\"530\" height=\"220\" src=\"https:\/\/manualrrss.eweb2.unex.es\/wp-content\/uploads\/2021\/11\/webRRSS-Botones-home-02.jpg\" class=\"attachment-large size-large wp-image-4639\" alt=\"\" \/>\t\t\t\t\t\t\t\t<\/a>\n\t\t\t\t\t\t\t\t\t\t\t\t\t\t\t<\/div>\n\t\t\t\t<\/div>\n\t\t\t\t\t<\/div>\n\t\t<\/div>\n\t\t\t\t<div class=\"elementor-column elementor-col-33 elementor-top-column elementor-element elementor-element-5506e691\" data-id=\"5506e691\" data-element_type=\"column\" data-settings=\"{&quot;background_background&quot;:&quot;classic&quot;}\">\n\t\t\t<div class=\"elementor-widget-wrap elementor-element-populated\">\n\t\t\t\t\t\t<div class=\"elementor-element elementor-element-244d2d6 elementor-invisible elementor-widget elementor-widget-image\" data-id=\"244d2d6\" data-element_type=\"widget\" data-settings=\"{&quot;_animation&quot;:&quot;fadeIn&quot;}\" data-widget_type=\"image.default\">\n\t\t\t\t<div class=\"elementor-widget-container\">\n\t\t\t\t\t\t\t\t\t\t\t\t\t\t\t\t<a href=\"https:\/\/manualrrss.eweb2.unex.es\/index.php\/recomendaciones-generales\/\">\n\t\t\t\t\t\t\t<img loading=\"lazy\" decoding=\"async\" width=\"530\" height=\"220\" src=\"https:\/\/manualrrss.eweb2.unex.es\/wp-content\/uploads\/2021\/11\/webRRSS-Botones-home-03.jpg\" class=\"attachment-large size-large wp-image-4640\" alt=\"\" \/>\t\t\t\t\t\t\t\t<\/a>\n\t\t\t\t\t\t\t\t\t\t\t\t\t\t\t<\/div>\n\t\t\t\t<\/div>\n\t\t\t\t\t<\/div>\n\t\t<\/div>\n\t\t\t\t\t<\/div>\n\t\t<\/section>\n\t\t\t\t<section class=\"elementor-section elementor-top-section elementor-element elementor-element-7a1dc229 elementor-section-full_width cuadradossb elementor-section-height-default elementor-section-height-default\" data-id=\"7a1dc229\" data-element_type=\"section\" data-settings=\"{&quot;background_background&quot;:&quot;classic&quot;}\">\n\t\t\t\t\t\t<div class=\"elementor-container elementor-column-gap-custom\">\n\t\t\t\t\t<div class=\"elementor-column elementor-col-33 elementor-top-column elementor-element elementor-element-7eb6229e\" data-id=\"7eb6229e\" data-element_type=\"column\" data-settings=\"{&quot;background_background&quot;:&quot;classic&quot;}\">\n\t\t\t<div class=\"elementor-widget-wrap elementor-element-populated\">\n\t\t\t\t\t\t<div class=\"elementor-element elementor-element-14449fde elementor-invisible elementor-widget elementor-widget-image\" data-id=\"14449fde\" data-element_type=\"widget\" data-settings=\"{&quot;_animation&quot;:&quot;fadeIn&quot;}\" data-widget_type=\"image.default\">\n\t\t\t\t<div class=\"elementor-widget-container\">\n\t\t\t\t\t\t\t\t\t\t\t\t\t\t\t\t<a href=\"https:\/\/manualrrss.eweb2.unex.es\/index.php\/estilo-redes-sociales\/\">\n\t\t\t\t\t\t\t<img loading=\"lazy\" decoding=\"async\" width=\"530\" height=\"220\" src=\"https:\/\/manualrrss.eweb2.unex.es\/wp-content\/uploads\/2021\/11\/webRRSS-Botones-home-04.jpg\" class=\"attachment-large size-large wp-image-4641\" alt=\"\" \/>\t\t\t\t\t\t\t\t<\/a>\n\t\t\t\t\t\t\t\t\t\t\t\t\t\t\t<\/div>\n\t\t\t\t<\/div>\n\t\t\t\t\t<\/div>\n\t\t<\/div>\n\t\t\t\t<div class=\"elementor-column elementor-col-33 elementor-top-column elementor-element elementor-element-43d00adc\" data-id=\"43d00adc\" data-element_type=\"column\" data-settings=\"{&quot;background_background&quot;:&quot;classic&quot;}\">\n\t\t\t<div class=\"elementor-widget-wrap elementor-element-populated\">\n\t\t\t\t\t\t<div class=\"elementor-element elementor-element-5cce7a94 elementor-invisible elementor-widget elementor-widget-image\" data-id=\"5cce7a94\" data-element_type=\"widget\" data-settings=\"{&quot;_animation&quot;:&quot;fadeIn&quot;}\" data-widget_type=\"image.default\">\n\t\t\t\t<div class=\"elementor-widget-container\">\n\t\t\t\t\t\t\t\t\t\t\t\t\t\t\t\t<a href=\"https:\/\/manualrrss.eweb2.unex.es\/index.php\/logos-uex\/\">\n\t\t\t\t\t\t\t<img loading=\"lazy\" decoding=\"async\" width=\"530\" height=\"220\" src=\"https:\/\/manualrrss.eweb2.unex.es\/wp-content\/uploads\/2021\/11\/webRRSS-Botones-home-05.jpg\" class=\"attachment-large size-large wp-image-4642\" alt=\"\" \/>\t\t\t\t\t\t\t\t<\/a>\n\t\t\t\t\t\t\t\t\t\t\t\t\t\t\t<\/div>\n\t\t\t\t<\/div>\n\t\t\t\t\t<\/div>\n\t\t<\/div>\n\t\t\t\t<div class=\"elementor-column elementor-col-33 elementor-top-column elementor-element elementor-element-375e7f67\" data-id=\"375e7f67\" data-element_type=\"column\" data-settings=\"{&quot;background_background&quot;:&quot;classic&quot;}\">\n\t\t\t<div class=\"elementor-widget-wrap elementor-element-populated\">\n\t\t\t\t\t\t<div class=\"elementor-element elementor-element-f94ddf8 elementor-invisible elementor-widget elementor-widget-image\" data-id=\"f94ddf8\" data-element_type=\"widget\" data-settings=\"{&quot;_animation&quot;:&quot;fadeIn&quot;}\" data-widget_type=\"image.default\">\n\t\t\t\t<div class=\"elementor-widget-container\">\n\t\t\t\t\t\t\t\t\t\t\t\t\t\t\t\t<a href=\"https:\/\/manualrrss.eweb2.unex.es\/index.php\/plantillas-redes-sociales\/\">\n\t\t\t\t\t\t\t<img loading=\"lazy\" decoding=\"async\" width=\"530\" height=\"220\" src=\"https:\/\/manualrrss.eweb2.unex.es\/wp-content\/uploads\/2021\/11\/webRRSS-Botones-home-06.jpg\" class=\"attachment-large size-large wp-image-4643\" alt=\"\" \/>\t\t\t\t\t\t\t\t<\/a>\n\t\t\t\t\t\t\t\t\t\t\t\t\t\t\t<\/div>\n\t\t\t\t<\/div>\n\t\t\t\t\t<\/div>\n\t\t<\/div>\n\t\t\t\t\t<\/div>\n\t\t<\/section>\n\t\t\t\t<\/div>\n\t\t","protected":false},"excerpt":{"rendered":"<p>CREACI\u00d3N DE CUENTAS OFICIALES DE LA UEx Las cuentas oficiales de la UEx deben ser gestionadas por correos electr\u00f3nicos corporativos, delegando su gesti\u00f3n permanente a una persona con vinculaci\u00f3n profesional dentro de la instituci\u00f3n para garantizar la confidencialidad de las contrase\u00f1as. La creaci\u00f3n de cuentas oficiales ser\u00e1 competencia del Gabinete de Imagen y Comunicaci\u00f3n de [&hellip;]<\/p>\n","protected":false},"author":1,"featured_media":0,"parent":0,"menu_order":0,"comment_status":"closed","ping_status":"closed","template":"","meta":{"_editorskit_title_hidden":false,"_editorskit_reading_time":1,"_editorskit_is_block_options_detached":false,"_editorskit_block_options_position":"{}","site-sidebar-layout":"no-sidebar","site-content-layout":"page-builder","ast-site-content-layout":"default","site-content-style":"default","site-sidebar-style":"default","ast-global-header-display":"","ast-banner-title-visibility":"","ast-main-header-display":"","ast-hfb-above-header-display":"","ast-hfb-below-header-display":"","ast-hfb-mobile-header-display":"","site-post-title":"disabled","ast-breadcrumbs-content":"","ast-featured-img":"disabled","footer-sml-layout":"","theme-transparent-header-meta":"default","adv-header-id-meta":"","stick-header-meta":"","header-above-stick-meta":"","header-main-stick-meta":"","header-below-stick-meta":"","astra-migrate-meta-layouts":"default","ast-page-background-enabled":"default","ast-page-background-meta":{"desktop":{"background-color":"","background-image":"","background-repeat":"repeat","background-position":"center center","background-size":"auto","background-attachment":"scroll","background-type":"","background-media":"","overlay-type":"","overlay-color":"","overlay-opacity":"","overlay-gradient":""},"tablet":{"background-color":"","background-image":"","background-repeat":"repeat","background-position":"center center","background-size":"auto","background-attachment":"scroll","background-type":"","background-media":"","overlay-type":"","overlay-color":"","overlay-opacity":"","overlay-gradient":""},"mobile":{"background-color":"","background-image":"","background-repeat":"repeat","background-position":"center center","background-size":"auto","background-attachment":"scroll","background-type":"","background-media":"","overlay-type":"","overlay-color":"","overlay-opacity":"","overlay-gradient":""}},"ast-content-background-meta":{"desktop":{"background-color":"var(--ast-global-color-5)","background-image":"","background-repeat":"repeat","background-position":"center center","background-size":"auto","background-attachment":"scroll","background-type":"","background-media":"","overlay-type":"","overlay-color":"","overlay-opacity":"","overlay-gradient":""},"tablet":{"background-color":"var(--ast-global-color-5)","background-image":"","background-repeat":"repeat","background-position":"center center","background-size":"auto","background-attachment":"scroll","background-type":"","background-media":"","overlay-type":"","overlay-color":"","overlay-opacity":"","overlay-gradient":""},"mobile":{"background-color":"var(--ast-global-color-5)","background-image":"","background-repeat":"repeat","background-position":"center center","background-size":"auto","background-attachment":"scroll","background-type":"","background-media":"","overlay-type":"","overlay-color":"","overlay-opacity":"","overlay-gradient":""}},"footnotes":""},"class_list":["post-4492","page","type-page","status-publish","hentry"],"_links":{"self":[{"href":"https:\/\/manualrrss.eweb2.unex.es\/index.php\/wp-json\/wp\/v2\/pages\/4492","targetHints":{"allow":["GET"]}}],"collection":[{"href":"https:\/\/manualrrss.eweb2.unex.es\/index.php\/wp-json\/wp\/v2\/pages"}],"about":[{"href":"https:\/\/manualrrss.eweb2.unex.es\/index.php\/wp-json\/wp\/v2\/types\/page"}],"author":[{"embeddable":true,"href":"https:\/\/manualrrss.eweb2.unex.es\/index.php\/wp-json\/wp\/v2\/users\/1"}],"replies":[{"embeddable":true,"href":"https:\/\/manualrrss.eweb2.unex.es\/index.php\/wp-json\/wp\/v2\/comments?post=4492"}],"version-history":[{"count":21,"href":"https:\/\/manualrrss.eweb2.unex.es\/index.php\/wp-json\/wp\/v2\/pages\/4492\/revisions"}],"predecessor-version":[{"id":4799,"href":"https:\/\/manualrrss.eweb2.unex.es\/index.php\/wp-json\/wp\/v2\/pages\/4492\/revisions\/4799"}],"wp:attachment":[{"href":"https:\/\/manualrrss.eweb2.unex.es\/index.php\/wp-json\/wp\/v2\/media?parent=4492"}],"curies":[{"name":"wp","href":"https:\/\/api.w.org\/{rel}","templated":true}]}}